{"id":65,"date":"2020-01-21T14:54:29","date_gmt":"2020-01-21T13:54:29","guid":{"rendered":"http:\/\/sanktuarium-bujakow.pl\/?page_id=65"},"modified":"2021-12-23T17:41:33","modified_gmt":"2021-12-23T16:41:33","slug":"historia-parafii","status":"publish","type":"page","link":"https:\/\/parafiakrynice.pl\/?page_id=65","title":{"rendered":"Historia Parafii"},"content":{"rendered":"\n<p><strong>Historia<\/strong><\/p>\n\n\n\n<p>Do czas\u00f3w kasaty unii w w. XIX istnia\u0142a tutaj parafia greckokatolicka. Parafi\u0119 rzymskokatolick\u0105 erygowa\u0142, 25 VI 1925 r., bp. Marian Fulman. Powsta\u0142a z podzia\u0142u parafii \u0141abunie. Otrzyma\u0142a ziemi\u0119 od \u00f3wczesnego w\u0142a\u015bciciela maj\u0105tku, Grzegorza Lipczy\u0144skiego. Kilka lat przed erekcj\u0105 parafii za\u0142o\u017cono cmentarz grzebalny (w r. 1920), a w istniej\u0105cym ju\u017c ko\u015bciele odprawiano nabo\u017ce\u0144stwa. W okresie mi\u0119dzywojennym \u017cycie religijne i spo\u0142eczne m\u0142odej parafii zacz\u0119to si\u0119 rozwija\u0107 dynamicznie, o czym \u015bwiadczy\u0142o m.in. wielkie zainteresowanie powstaj\u0105cymi organizacjami religijnymi. Przy parafii istnia\u0142a niewielka biblioteka licz\u0105ca przesz\u0142o 300 ksi\u0105\u017cek (ma\u0142y ksi\u0119gozbi\u00f3r zachowa\u0142 si\u0119 w okresie powojennym).<\/p>\n\n\n\n<p>Ko\u015bci\u00f3\u0142 greckokatolicki sta\u0142 na miejscu dzisiejszej kaplicy cmentarnej. Obecny ko\u015bci\u00f3\u0142, pw. \u015bw. Stanis\u0142awa bm, zosta\u0142 zbudowany w r. 1920. Powsta\u0142 z przer\u00f3bki ko\u015bcio\u0142a budowanego, wg plan\u00f3w in\u017c. Siennickiego, dla parafii rzymskokatolickiej w Horyszowie Polskim. W stanie niedoko\u0144czonym zosta\u0142 on zakupiony z ofiar Kryniczan i przewieziony na obecne swoje miejsce. Z\u0142o\u017cy\u0142 go budowniczy Jan Tor. Zosta\u0142 po\u015bwi\u0119cony prawdopodobnie w r. 1920, gdy\u017c ju\u017c od tego roku odprawia\u0142y si\u0119 w nim nabo\u017ce\u0144stwa. Odnowiony i oszalowany wewn\u0105trz w r. 1932, remont dachu wykonano w r. 1931. W latach: 1965-1966 odnowienie wie\u017cy ko\u015bcielnej i dobudowanie przypory do \u015bcian zewn\u0119trznych, w r. 1998 odnowiono przedsionek, doko\u0144czono szalowanie na ch\u00f3rze, zakonserwowano wn\u0119trze ko\u015bcio\u0142a, pomalowano dach<\/p>\n\n\n\n<p>Ko\u015bci\u00f3\u0142 drewniany, trzynawowy, przy prezbiterium dwie zakrystie, na frontonie wie\u017ca (kszta\u0142tem przypomina chi\u0144sk\u0105 pagod\u0119), nad naw\u0105 wie\u017cyczka, w nawie sufit p\u00f3\u0142okr\u0105g\u0142y, posadzka z terakoty. Wewn\u0105trz s\u0105 3 drewniane o\u0142tarze. Pocz\u0105tkowo by\u0142o ich 5 (zosta\u0142y przywiezione z Tyszowiec, z dawnego ko\u015bcio\u0142a greckokatolickiego). O\u0142tarze obecnie istniej\u0105ce nie odpowiadaj\u0105 tym pierwotnym: 2 boczne zosta\u0142y przerobione. W o\u0142tarzu g\u0142\u00f3wnym obraz Matki Bo\u017cej z w. XVII, dwa na zasuwie: Wskrzeszenie Piotrawina przez \u015bw. Stanis\u0142awa i Naj\u015bwi\u0119tszego Serca Pana Jezusa. Obraz \u015bw. Teresy w o\u0142tarzu bocznym po lewej stronie, po prawej o\u0142tarz z obrazem Matki Bo\u017cej. Chrzcielnic\u0119 wykonano z drzewa osikowego (Kazimierz Kluczy\u0144ski, r. 1933). Na ch\u00f3rze muzycznym znajduj\u0105 si\u0119 10-g\u0142osowe, oko\u0142o stuletnie organy, zakupione w latach sze\u015b\u0107dziesi\u0105tych z miejscowo\u015bci Ulan.<\/p>\n\n\n\n<p>Obok ko\u015bcio\u0142a dzwonnica, wykonana sposobem gospodarczym w 1958 r., w r. 1999 pokryta blach\u0105, oszalowana, zakonserwowana, w niej 2 dzwony, wykonane przez firm\u0119 Metalut w \u0141odzi w r. 1958, po\u015bwi\u0119cone przez bp. Henryka Str\u0105kowskiego (4 VII 1958 r.).<\/p>\n\n\n\n<p>Na cmentarzu przyko\u015bcielnym figura MB Niepokalanej oraz pomnik Papie\u017ca Jana Paw\u0142a II ufundowany z racji Jego wizyty w Zamo\u015bciu 12 VI 1999 r., po\u015bwi\u0119cony, 25 IX 1999 r., przez bpa zamojsko-lubaczowskiego Jana \u015arutw\u0119<\/p>\n","protected":false},"excerpt":{"rendered":"<p>Historia Do czas\u00f3w kasaty unii w w. XIX istnia\u0142a tutaj parafia greckokatolicka. Parafi\u0119 rzymskokatolick\u0105 erygowa\u0142, 25 VI 1925 r., bp.&nbsp;[&hellip;]<\/p>\n","protected":false},"author":1,"featured_media":0,"parent":28,"menu_order":2,"comment_status":"closed","ping_status":"closed","template":"page-templates\/template_fullwidth.php","meta":{"ngg_post_thumbnail":0},"_links":{"self":[{"href":"https:\/\/parafiakrynice.pl\/index.php?rest_route=\/wp\/v2\/pages\/65"}],"collection":[{"href":"https:\/\/parafiakrynice.pl\/index.php?rest_route=\/wp\/v2\/pages"}],"about":[{"href":"https:\/\/parafiakrynice.pl\/index.php?rest_route=\/wp\/v2\/types\/page"}],"author":[{"embeddable":true,"href":"https:\/\/parafiakrynice.pl\/index.php?rest_route=\/wp\/v2\/users\/1"}],"replies":[{"embeddable":true,"href":"https:\/\/parafiakrynice.pl\/index.php?rest_route=%2Fwp%2Fv2%2Fcomments&post=65"}],"version-history":[{"count":5,"href":"https:\/\/parafiakrynice.pl\/index.php?rest_route=\/wp\/v2\/pages\/65\/revisions"}],"predecessor-version":[{"id":1038,"href":"https:\/\/parafiakrynice.pl\/index.php?rest_route=\/wp\/v2\/pages\/65\/revisions\/1038"}],"up":[{"embeddable":true,"href":"https:\/\/parafiakrynice.pl\/index.php?rest_route=\/wp\/v2\/pages\/28"}],"wp:attachment":[{"href":"https:\/\/parafiakrynice.pl\/index.php?rest_route=%2Fwp%2Fv2%2Fmedia&parent=65"}],"curies":[{"name":"wp","href":"https:\/\/api.w.org\/{rel}","templated":true}]}}