{"id":539,"date":"2020-02-12T11:01:45","date_gmt":"2020-02-12T10:01:45","guid":{"rendered":"http:\/\/sanktuarium-bujakow.pl\/?page_id=539"},"modified":"2022-03-11T05:31:42","modified_gmt":"2022-03-11T04:31:42","slug":"kancelaria","status":"publish","type":"page","link":"https:\/\/parafiakrynice.pl\/?page_id=539","title":{"rendered":"Kancelaria"},"content":{"rendered":"\n<h2 class=\"has-text-align-center\"><em><strong>Kancelaria czynna codziennie od wtorku do pi\u0105tku <\/strong><br><strong>po wieczornej Mszy\u00a0\u015awi\u0119tej.<br>W sprawach pilnych  prosz\u0119  o kontakt telefoniczny <\/strong><br><strong>pod nr. 791133040 <\/strong><br><strong>(je\u015bli nie b\u0119d\u0119 m\u00f3g\u0142 odebra\u0107 prosz\u0119 o SMSa \u2013 oddzwoni\u0119)<\/strong><\/em><\/h2>\n\n\n\n<h2 class=\"has-text-align-center\">WSZELKIE DOKUMENTY WYDAWANE S\u0104 OSOBOM ZAINTERESOWANYM PO OKAZANIU DOKUMENTU TO\u017bSAMO\u015aCI.<\/h2>\n\n\n\n<p><\/p>\n\n\n\n<p><\/p>\n\n\n\n<p><\/p>\n\n\n\n<p><strong>WYKAZ DOKUMENT\u00d3W POTRZEBNYCH DO SAKRAMENT\u00d3W \u015aWI\u0118TYCH I KATOLICKIEGO POGRZEBU:<\/strong><\/p>\n\n\n\n<h2><strong>Chrzest<\/strong><\/h2>\n\n\n\n<ul><li>akt urodzenia dziecka (odpis)<\/li><li>wyci\u0105g z aktu \u015blubu ko\u015bcielnego rodzic\u00f3w<\/li><li>dane o rodzicach chrzestnych (imiona, nazwiska, miejsce zamieszkania, wiek )<\/li><li>za\u015bwiadczenie dla Rodzic\u00f3w chrzestnych z parafii zamieszkania<\/li><\/ul>\n\n\n\n<p>Katecheza dla rodzic\u00f3w i chrzestnych w pi\u0105tek poprzedzaj\u0105cy udzielanie chrztu po wieczornej Mszy \u015bw.<\/p>\n\n\n\n<h2><strong>Bierzmowanie<\/strong><\/h2>\n\n\n\n<ul><li>metryka chrztu<\/li><li>za\u015bwiadczenie o uczestnictwie w katechezie szkolnej lub ostatnie \u015bwiadectwo katechizacji<\/li><\/ul>\n\n\n\n<h2><strong>Ma\u0142\u017ce\u0144stwo<\/strong><\/h2>\n\n\n\n<ul><li>aktualne, (tj. z dat\u0105 do 6. miesi\u0119cy wstecz) metryki chrztu<\/li><li>dowody osobiste<\/li><li>\u015bwiadectwa uko\u0144czenia katechizacji<\/li><li>\u015bwiadectwo bierzmowania<\/li><li>za\u015bwiadczenie o uczestnictwie w katechezie przedma\u0142\u017ce\u0144skiej<\/li><li>za\u015bwiadczenie z Urz\u0119du Stanu Cywilnego (niezb\u0119dne gdy ma\u0142\u017conkowie chc\u0105, aby \u015blub ko\u015bcielny poci\u0105ga\u0142 za sob\u0105 r\u00f3wnie\u017c skutki cywilno \u2013 prawne, tzw. \u015blub konkordatowy) lub akt zwi\u0105zku cywilnego.<\/li><\/ul>\n\n\n\n<p>Narzeczonych&nbsp; ks. Proboszcz przyjmuje po wcze\u015bniejszym um\u00f3wieniu telefonicznym \u2013 791133040.<\/p>\n\n\n\n<h2><strong>Pogrzeb<\/strong><\/h2>\n\n\n\n<ul><li>akt zgonu<\/li><li>cz\u0119\u015b\u0107 przeznaczon\u0105 do administracji cmentarza<\/li><li>za\u015bwiadczenie o przyj\u0119tych sakramentach<\/li><\/ul>\n\n\n\n<p>Administratorem cmentarza jest Parafia Krynice.<\/p>\n\n\n\n<h2>Co zrobi\u0107 w wypadku \u015bmierci kogo\u015b bliskiego:<\/h2>\n\n\n\n<ol type=\"1\"><li>Je\u015bli bliska osoba umiera&nbsp;<strong>w domu<\/strong>&nbsp;w pierwszej kolejno\u015bci nale\u017cy&nbsp;<strong>wezwa\u0107 lekarza<\/strong>&nbsp;dzwoni\u0105c pod nr 999 lub 112 (u\u017cywaj\u0105c telefon\u00f3w kom\u00f3rkowych). Stwierdzenie zgonu jest obowi\u0105zkiem lekarza. Wydaje on kart\u0119 zgonu<br>Je\u015bli bliska osoba umiera w szpitalu \u2013 zazwyczaj w dziale statystyki \u2013 zostanie wydana karta zgonu.<\/li><li>Powiadamiamy&nbsp;<strong>ksi\u0119dza Proboszcza&nbsp;<\/strong>(najszybciej telefonicznie \u2013 791133040) i ustalamy wst\u0119pnie dat\u0119 i godzin\u0119 pogrzebu.<\/li><li>Udajemy si\u0119 do&nbsp;<strong>Urz\u0119du Stanu Cywilnego<\/strong>&nbsp;w miejscowo\u015bci w kt\u00f3rej nast\u0105pi\u0142 zgon. Karta zgonu od lekarza b\u0119dzie podstaw\u0105 do wystawienia&nbsp;<strong>Aktu Zgonu<\/strong>. <br><br><strong>Dokumenty potrzebne do USC: Karta zgonu, dow\u00f3d osobisty osoby zmar\u0142ej, dow\u00f3d osobisty osoby zg\u0142aszaj\u0105cej.<\/strong><br><\/li><li>Powiadamiany <strong>Grabarza<\/strong>, <strong>Organist\u0119<\/strong> oraz <strong>Zak\u0142ad Pogrzebowy<\/strong>. Mo\u017cna to wszystko ustali\u0107 z Ks. Proboszczem i jemu zleci\u0107 to zadanie. <br><br><strong>Dokumenty potrzebne do Zak\u0142adu Pogrzebowego: Akt zgonu, dow\u00f3d osobisty osoby zmar\u0142ej, dow\u00f3d osobisty osoby zg\u0142aszaj\u0105cej.<\/strong><br><br><\/li><li>Je\u017celi zgon nast\u0105pi\u0142 poza godzinami pracy Urz\u0119du Stanu Cywilnego \u2013 mo\u017cna zleci\u0107 zak\u0142adowi pogrzebowemu us\u0142ug\u0119 przewozu zmar\u0142ego na podstawie <strong>Karty Zgonu<\/strong>, a dopiero potem przyst\u0105pi\u0107 do za\u0142atwienia pozosta\u0142ych formalno\u015bci.<\/li><\/ol>\n","protected":false},"excerpt":{"rendered":"<p>Kancelaria czynna codziennie od wtorku do pi\u0105tku po wieczornej Mszy\u00a0\u015awi\u0119tej.W sprawach pilnych prosz\u0119 o kontakt telefoniczny pod nr. 791133040 (je\u015bli&nbsp;[&hellip;]<\/p>\n","protected":false},"author":1,"featured_media":0,"parent":0,"menu_order":0,"comment_status":"closed","ping_status":"closed","template":"page-templates\/template_fullwidth.php","meta":{"ngg_post_thumbnail":0},"_links":{"self":[{"href":"https:\/\/parafiakrynice.pl\/index.php?rest_route=\/wp\/v2\/pages\/539"}],"collection":[{"href":"https:\/\/parafiakrynice.pl\/index.php?rest_route=\/wp\/v2\/pages"}],"about":[{"href":"https:\/\/parafiakrynice.pl\/index.php?rest_route=\/wp\/v2\/types\/page"}],"author":[{"embeddable":true,"href":"https:\/\/parafiakrynice.pl\/index.php?rest_route=\/wp\/v2\/users\/1"}],"replies":[{"embeddable":true,"href":"https:\/\/parafiakrynice.pl\/index.php?rest_route=%2Fwp%2Fv2%2Fcomments&post=539"}],"version-history":[{"count":33,"href":"https:\/\/parafiakrynice.pl\/index.php?rest_route=\/wp\/v2\/pages\/539\/revisions"}],"predecessor-version":[{"id":1183,"href":"https:\/\/parafiakrynice.pl\/index.php?rest_route=\/wp\/v2\/pages\/539\/revisions\/1183"}],"wp:attachment":[{"href":"https:\/\/parafiakrynice.pl\/index.php?rest_route=%2Fwp%2Fv2%2Fmedia&parent=539"}],"curies":[{"name":"wp","href":"https:\/\/api.w.org\/{rel}","templated":true}]}}