{"id":1230,"date":"2022-03-20T20:26:11","date_gmt":"2022-03-20T19:26:11","guid":{"rendered":"http:\/\/parafiakrynice.pl\/?page_id=1230"},"modified":"2022-10-27T16:08:05","modified_gmt":"2022-10-27T14:08:05","slug":"sakrament-chrztu-swietego","status":"publish","type":"page","link":"https:\/\/parafiakrynice.pl\/?page_id=1230","title":{"rendered":"Sakrament Chrztu \u015awi\u0119tego"},"content":{"rendered":"\n<p> <span class=\"has-inline-color has-vivid-red-color\">&#8220;<strong>Id\u017acie wi\u0119c i nauczajcie wszystkie narody, udzielaj\u0105c im chrztu w imi\u0119 Ojca i Syna, i Ducha \u015awi\u0119tego<\/strong>&#8220;<\/span><\/p>\n\n\n\n<p>Mt 28, 19-20<\/p>\n\n\n\n<p>Chrzest jako pierwszy sakrament nowego Przymierza jest fundamentem ca\u0142ego \u017cycia chrze\u015bcija\u0144skiego, bram\u0105 wprowadzaj\u0105c\u0105 do \u017cycia w Duchu i otwieraj\u0105c\u0105 dost\u0119p do nast\u0119pnych sakrament\u00f3w. Chrzest udzielany przez zanurzenie lub polanie wod\u0105 dzi\u0119ki dzia\u0142aniu Ducha \u015awi\u0119tego jest obmyciem, kt\u00f3re oczyszcza, u\u015bwi\u0119ca i usprawiedliwia, oznacza i urzeczywistnia \u015bmier\u0107 dla grzechu i wej\u015bcie w \u017cycie Tr\u00f3jcy \u015awi\u0119tej przez upodobnienie do misterium paschalnego Chrystusa.<br>W naturalnej symbolice woda uwalnia od brudu i jest konieczna do tego, by \u017cy\u0107. Znak obmycia wod\u0105 oznacza pogrzebanie osoby ochrzczonej w \u015bmierci Chrystusa, z kt\u00f3rej powstaje ona przez zmartwychwstanie z Nim jako nowe stworzenie do \u017cycia wed\u0142ug Ducha \u015awi\u0119tego.<\/p>\n\n\n\n<p>Konieczno\u015bci przyjmowania chrztu domaga si\u0119 Pan Jezus, kt\u00f3ry powiedzia\u0142: \u201eKto wierzy i przyjmie chrzest, b\u0119dzie zbawiony; a kto nie wierzy, b\u0119dzie pot\u0119piony\u201d (Mk 16, 16). Powiedzia\u0142 te\u017c: \u201eJe\u015bli si\u0119 kto\u015b nie narodzi z wody i z Ducha \u015awi\u0119tego, nie mo\u017ce wej\u015b\u0107 do Kr\u00f3lestwa Bo\u017cego\u201d (J 3, 5).<\/p>\n\n\n\n<p>Chrzest przyjmuje si\u0119 jeden raz w \u017cyciu, poniewa\u017c wyciska on na duszy niezatarte, duchowe znami\u0119, \u201acharakter\u2019, kt\u00f3ry uzdalnia ochrzczonego do uczestnictwa w kulcie chrze\u015bcija\u0144skim.<\/p>\n\n\n\n<p><span class=\"has-inline-color has-vivid-cyan-blue-color\"><strong>Osoby, kt\u00f3re mog\u0105 ochrzci\u0107 dziecko<\/strong><\/span><\/p>\n\n\n\n<p>Zwyczajnym szafarzem chrztu jest biskup i prezbiter (kap\u0142an) oraz diakon. W razie konieczno\u015bci (np. niebezpiecze\u0144stwo \u015bmierci) mo\u017ce ochrzci\u0107 ka\u017cda osoba, nawet nie ochrzczona, maj\u0105ca wymagan\u0105 intencj\u0119. Wymagana intencja polega na tym, aby chcie\u0107 czyni\u0107 to, co czyni Ko\u015bci\u00f3\u0142, gdy chrzci i zastosowa\u0107 trynitarn\u0105 formu\u0142\u0119 chrzcieln\u0105&nbsp;(N., ja ciebie chrzcz\u0119 w imi\u0119 Ojca i Syna i Ducha \u015awi\u0119tego).<\/p>\n\n\n\n<p>Chrzest zg\u0142aszaj\u0105 osobi\u015bcie rodzice dziecka w kancelarii parafialnej co najmniej dwa tygodnie wcze\u015bniej (przynajmniej jedno z rodzic\u00f3w musi wyrazi\u0107 zgod\u0119 na chrzest).<br><span class=\"has-inline-color has-vivid-cyan-blue-color\"><strong>Dokumenty potrzebne do spisania aktu chrztu<\/strong><\/span><\/p>\n\n\n\n<ul><li>Skr\u00f3cony <strong>akt urodzenia<\/strong> dziecka z USC,<\/li><li><strong>\u015awiadectwo \u015blubu<\/strong> ko\u015bcielnego rodzic\u00f3w (je\u017celi \u015blub odby\u0142 si\u0119 poza parafi\u0105),<\/li><li><strong>Dane o rodzicach chrzestnych<\/strong>: imiona, nazwiska, data i miejsce urodzenia, adres zamieszkania, wyznanie,<\/li><li>rodzice chrzestni dziecka mieszkaj\u0105cy na terenie innych parafii potrzebuj\u0105 za\u015bwiadczenie, \u017ce s\u0105 praktykuj\u0105cymi katolikami i mog\u0105 pe\u0142ni\u0107 godno\u015b\u0107 rodzic\u00f3w chrzestnych. Za\u015bwiadczenia te otrzymuje si\u0119 w kancelarii parafialnej parafii odpowiadaj\u0105cej aktualnemu miejscu zamieszkania (miejsce zameldowania nie ma znaczenie formalnego \u2013 liczy si\u0119 faktyczny pobyt),<\/li><li>Potwierdzenie odbytej spowiedzi rodzic\u00f3w i rodzic\u00f3w chrzestnych,<\/li><li>Za\u015bwiadczenie o uczestniczeniu w katechezie dla rodzic\u00f3w i chrzestnych,<\/li><li>Je\u017celi dziecko jest zamieszka\u0142e w innej parafii rodzice dostarczaj\u0105 stosown\u0105 zgod\u0119 przeniesienia chrztu z parafii zamieszkania dziecka. Za\u015bwiadczenia te otrzymuje si\u0119 w kancelarii parafialnej parafii odpowiadaj\u0105cej aktualnemu miejscu zamieszkania (miejsce zameldowania nie ma znaczenie formalnego \u2013 liczy si\u0119 faktyczny pobyt).<\/li><\/ul>\n\n\n\n<p><span class=\"has-inline-color has-vivid-cyan-blue-color\"><strong>Rodzice dziecka<\/strong><\/span><\/p>\n\n\n\n<p>Przed Chrztem dziecka rodzice s\u0105 zobowi\u0105zani do wys\u0142uchania nauki przed chrzcielnej. Powinni r\u00f3wnie\u017c przyst\u0105pi\u0107 do Sakramentu Pokuty, a podczas Mszy \u015bwi\u0119tej chrzcielnej do Komunii \u015bwi\u0119tej.<\/p>\n\n\n\n<p>&nbsp;W czasie chrztu dziecko powinna trzyma\u0107 matka szczeg\u00f3lnie w trzech momentach (g\u0142\u00f3wka dziecka na prawej r\u0119ce):<\/p>\n\n\n\n<ul><li>podczas obrz\u0119d\u00f3w wst\u0119pnych i wniesienia dziecka,<\/li><li>podczas samego momentu chrztu sakramentu,<\/li><li>podczas b\u0142ogos\u0142awie\u0144stwa.<\/li><\/ul>\n\n\n\n<p>Rodzice, prosz\u0105c o chrzest dla swego dziecka, przyjmuj\u0105 na siebie obowi\u0105zek wychowania go w wierze. Maj\u0105 dawa\u0107 pierwsze \u015bwiadectwo wiary \u2013 s\u0142owem i przyk\u0142adem.<br>Po udzieleniu Chrztu, rodzice dziecka wdzi\u0119czni Bogu i wierni podj\u0119tym zadaniom, maj\u0105 obowi\u0105zek, zapocz\u0105tkowane na Chrzcie, nowe \u017cycie rozwija\u0107 przez chrze\u015bcija\u0144skie wychowanie w rodzinie, nauczy\u0107 dziecko modlitwy, posy\u0142a\u0107 na katechez\u0119, przygotowa\u0107 do Bierzmowania oraz do uczestnictwa w Eucharystii.<\/p>\n\n\n\n<p><span class=\"has-inline-color has-vivid-cyan-blue-color\"><strong>Rodzice chrzestni<\/strong><\/span><\/p>\n\n\n\n<p>Prawo Ko\u015bcio\u0142a wymaga, aby przyjmuj\u0105cy chrzest, je\u015bli to mo\u017cliwe, posiada\u0142 chrzestnego (kan. 872 KPK). Dla ka\u017cdego dziecka nale\u017cy wybra\u0107 przynajmniej jednego chrzestnego, chrzestn\u0105 lub dwoje chrzestnych (por. kan. 873 KPK).<br>Wed\u0142ug Kodeksu Prawa Kanonicznego do przyj\u0119cia zadania chrzestnego mo\u017ce by\u0107 dopuszczony ten, kto:<\/p>\n\n\n\n<ul><li>Uko\u0144czy\u0142 16 lat&nbsp;\u2013 chyba \u017ce biskup diecezjalny okre\u015bli\u0142 inny wiek albo proboszcz lub szafarz jest zdania, \u017ce s\u0142uszna przyczyna zaleca dopuszczenie wyj\u0105tku,<\/li><li>Jest praktykuj\u0105cym katolikiem&nbsp;\u2013 bierzmowanym i przyj\u0105\u0142 ju\u017c sakrament Naj\u015bwi\u0119tszej Eucharystii, uczestniczy regularnie we Mszy \u015bwi\u0119tej niedzielnej i \u015bwi\u0105tecznej oraz prowadzi \u017cycie zgodne z wiar\u0105 i odpowiadaj\u0105ce funkcji, jak\u0105 ma pe\u0142ni\u0107,<\/li><li>Je\u017celi \u017cyje w zwi\u0105zku to musi to by\u0107&nbsp;zwi\u0105zek ma\u0142\u017ce\u0144ski ko\u015bcielny \u2013 sakramentalny,<\/li><li>Je\u017celi jest uczniem to powinien aktualnie&nbsp;ucz\u0119szcza\u0107 na katechizacj\u0119,<\/li><li>Jest wolny od jakiejkolwiek kary kanonicznej, zgodnie z prawem wymierzonej lub deklarowanej,<\/li><li>Nie jest ojcem lub matk\u0105 przyjmuj\u0105cego chrzest.<\/li><\/ul>\n\n\n\n<p><span class=\"has-inline-color has-vivid-cyan-blue-color\"><strong>Chrzestnymi nie mog\u0105 by\u0107 osoby:<\/strong><\/span><\/p>\n\n\n\n<ul><li>\u017cyj\u0105ce w zwi\u0105zkach niesakramentalnych (bez \u015blubu ko\u015bcielnego),<\/li><li>m\u0142odzie\u017c nie uczestnicz\u0105ca w katechezie,<\/li><li>osoba, kt\u00f3ra nie przyj\u0119\u0142a sakramentu bierzmowania,<\/li><li>oboj\u0119tni religijnie,<\/li><li>prowadz\u0105cy gorsz\u0105cy tryb \u017cycia.<\/li><\/ul>\n\n\n\n<p>Rodzice chrzestni maja obowi\u0105zek uczestnictwa w nauce przed chrzcielnej. Prosimy rodzic\u00f3w chrzestnych b\u0119d\u0105cych spoza naszej parafii o przyniesienie od w\u0142asnego Ksi\u0119dza Proboszcza za\u015bwiadczenia potwierdzaj\u0105cego mo\u017cliwo\u015b\u0107 pe\u0142nienia godno\u015bci chrzestnego(ej).<\/p>\n\n\n\n<p>Z okazji Chrztu dziecka chrzestni powinni przyst\u0105pi\u0107 do Spowiedzi i Komunii \u015bwi\u0119tej. W przysz\u0142o\u015bci rodzice chrzestni powinni by\u0107 tak\u017ce \u015bwiadkami Bierzmowania swego chrze\u015bniaka i uczestniczy\u0107 w wa\u017cniejszych wydarzeniach jego \u017cycia (I Komunia \u015bwi\u0119ta, bierzmowanie, sakrament ma\u0142\u017ce\u0144stwa, kap\u0142a\u0144stwa).<\/p>\n\n\n\n<p>Dodatkowo rodzice chrzestni maj\u0105 towarzyszy\u0107 w chrze\u015bcija\u0144skim wtajemniczeniu dziecka, pomaga\u0107, aby ochrzczony prowadzi\u0142 \u017cycie chrze\u015bcija\u0144skie odpowiadaj\u0105ce przyj\u0119temu sakramentowi i wype\u0142nia\u0142 wiernie z\u0142\u0105czone z nim obowi\u0105zki.<\/p>\n\n\n\n<p>Kiedy o ochrzczenie dziecka prosz\u0105 rodzice, kt\u00f3rzy s\u0105 lud\u017ami niewierz\u0105cymi lub niepraktykuj\u0105cymi, wtedy chrzestni musz\u0105 spe\u0142nia\u0107 wymagania wi\u0119ksze ni\u017c w sytuacji, gdy mamy do czynienia z rodzicami g\u0142\u0119boko wierz\u0105cymi. Rola chrzestnych ma polega\u0107 wtedy na przej\u0119ciu ca\u0142o\u015bci lub w znacznej cz\u0119\u015bci obowi\u0105zku wychowania w wierze dziecka ochrzczonego. St\u0105d w\u0142a\u015bnie owe dodatkowe wymagania. Chrzestni w tym wypadku s\u0105 bowiem nie tylko pomocnikami, ale osobami wype\u0142niaj\u0105cymi podstawowe zadanie.<\/p>\n\n\n\n<p>Wi\u0119cej informacji mo\u017cna uzyska\u0107 czytaj\u0105c&nbsp;<a href=\"https:\/\/opoka.org.pl\/biblioteka\/W\/WE\/kep\/kkbids\/chrzest_01011975.html\">Instrukcj\u0119 Episkopatu Polski<\/a><\/p>\n","protected":false},"excerpt":{"rendered":"<p>&#8220;Id\u017acie wi\u0119c i nauczajcie wszystkie narody, udzielaj\u0105c im chrztu w imi\u0119 Ojca i Syna, i Ducha \u015awi\u0119tego&#8220; Mt 28, 19-20&nbsp;[&hellip;]<\/p>\n","protected":false},"author":3,"featured_media":0,"parent":0,"menu_order":0,"comment_status":"closed","ping_status":"closed","template":"elementor_header_footer","meta":{"ngg_post_thumbnail":0},"_links":{"self":[{"href":"https:\/\/parafiakrynice.pl\/index.php?rest_route=\/wp\/v2\/pages\/1230"}],"collection":[{"href":"https:\/\/parafiakrynice.pl\/index.php?rest_route=\/wp\/v2\/pages"}],"about":[{"href":"https:\/\/parafiakrynice.pl\/index.php?rest_route=\/wp\/v2\/types\/page"}],"author":[{"embeddable":true,"href":"https:\/\/parafiakrynice.pl\/index.php?rest_route=\/wp\/v2\/users\/3"}],"replies":[{"embeddable":true,"href":"https:\/\/parafiakrynice.pl\/index.php?rest_route=%2Fwp%2Fv2%2Fcomments&post=1230"}],"version-history":[{"count":8,"href":"https:\/\/parafiakrynice.pl\/index.php?rest_route=\/wp\/v2\/pages\/1230\/revisions"}],"predecessor-version":[{"id":1815,"href":"https:\/\/parafiakrynice.pl\/index.php?rest_route=\/wp\/v2\/pages\/1230\/revisions\/1815"}],"wp:attachment":[{"href":"https:\/\/parafiakrynice.pl\/index.php?rest_route=%2Fwp%2Fv2%2Fmedia&parent=1230"}],"curies":[{"name":"wp","href":"https:\/\/api.w.org\/{rel}","templated":true}]}}