{"id":1219,"date":"2022-03-20T19:44:43","date_gmt":"2022-03-20T18:44:43","guid":{"rendered":"http:\/\/parafiakrynice.pl\/?page_id=1219"},"modified":"2022-03-20T19:49:02","modified_gmt":"2022-03-20T18:49:02","slug":"pogrzeb","status":"publish","type":"page","link":"https:\/\/parafiakrynice.pl\/?page_id=1219","title":{"rendered":"Pogrzeb"},"content":{"rendered":"<p><strong>Co zrobi\u0107 w wypadku \u015bmierci kogo\u015b bliskiego:<\/strong><\/p>\n<ol>\n<li>Je\u015bli bliska osoba umiera&nbsp;<strong>w domu<\/strong>&nbsp;w pierwszej kolejno\u015bci nale\u017cy&nbsp;<strong>wezwa\u0107 lekarza<\/strong>&nbsp;dzwoni\u0105c pod nr 999 lub 112 (u\u017cywaj\u0105c telefon\u00f3w kom\u00f3rkowych). Stwierdzenie zgonu jest obowi\u0105zkiem lekarza. Wydaje on kart\u0119 zgonu<br \/>\nJe\u015bli bliska osoba umiera w szpitalu \u2013 zazwyczaj w dziale statystyki \u2013 zostanie wydana karta zgonu.<\/li>\n<li>Powiadamiamy&nbsp;<strong>ksi\u0119dza Proboszcza&nbsp;<\/strong>(najszybciej telefonicznie \u2013 791133040) i ustalamy wst\u0119pnie dat\u0119 i godzin\u0119 pogrzebu.<\/li>\n<li>Udajemy si\u0119 do&nbsp;<strong>Urz\u0119du Stanu Cywilnego<\/strong>&nbsp;w miejscowo\u015bci w kt\u00f3rej nast\u0105pi\u0142 zgon. Karta zgonu od lekarza b\u0119dzie podstaw\u0105 do wystawienia&nbsp;<strong>Aktu Zgonu<\/strong>.\n<p><strong>Dokumenty potrzebne do USC: Karta zgonu, dow\u00f3d osobisty osoby zmar\u0142ej, dow\u00f3d osobisty osoby zg\u0142aszaj\u0105cej.<\/strong><\/li>\n<li>Powiadamiany&nbsp;<strong>Grabarza<\/strong>,&nbsp;<strong>Organist\u0119<\/strong>&nbsp;oraz&nbsp;<strong>Zak\u0142ad Pogrzebowy<\/strong>. Mo\u017cna to wszystko ustali\u0107 z Ks. Proboszczem i jemu zleci\u0107 to zadanie.\n<p><strong>Dokumenty potrzebne do Zak\u0142adu Pogrzebowego: Akt zgonu, dow\u00f3d osobisty osoby zmar\u0142ej, dow\u00f3d osobisty osoby zg\u0142aszaj\u0105cej.<\/strong><\/li>\n<li>Je\u017celi zgon nast\u0105pi\u0142 poza godzinami pracy Urz\u0119du Stanu Cywilnego \u2013 mo\u017cna zleci\u0107 zak\u0142adowi pogrzebowemu us\u0142ug\u0119 przewozu zmar\u0142ego na podstawie&nbsp;<strong>Karty Zgonu<\/strong>, a dopiero potem przyst\u0105pi\u0107 do za\u0142atwienia pozosta\u0142ych formalno\u015bci.<\/li>\n<\/ol>\n<p>&nbsp;<\/p>\n<p>Zg\u0142aszanie spraw pogrzebowych:<\/p>\n<ol>\n<li>W celu dope\u0142nienia formalno\u015bci pogrzebu nale\u017cy zg\u0142osi\u0107 si\u0119 w kancelarii parafialnej, zanim udamy si\u0119 do zak\u0142adu pogrzebowego &#8211; mo\u017cna to uczyni\u0107 nawet poza godzinami urz\u0119dowania.<\/li>\n<li>Pogrzeb zg\u0142asza najbli\u017csza rodzina w parafii zamieszkania osoby zmar\u0142ej. Je\u017celi pogrzeb jest poza parafi\u0105 zamieszkania potrzebna jest zgoda na poch\u00f3wek od Ks. Proboszcza, w kt\u00f3rego parafii zmar\u0142y zamieszkiwa\u0142.<\/li>\n<li>Nabo\u017ce\u0144stwo pogrzebowe powinno by\u0107 z regu\u0142y odprawione we w\u0142asnym ko\u015bciele parafialnym zmar\u0142ego (kan. 1177 \u00a7 l). Podstaw\u0105 przynale\u017cno\u015bci parafialnej jest przede wszystkim sta\u0142e lub tymczasowe zamieszkanie. Dla zmar\u0142ego, kt\u00f3ry nigdzie nie mia\u0142 sta\u0142ego lub tymczasowe\u00adgo zamieszkania, parafi\u0105 w\u0142a\u015bciw\u0105 do odprawienia pogrzebu jest parafia zgonu. Ka\u017cdy jednak wierny, albo ci, do kt\u00f3rych nale\u017cy troska o pogrzeb zmar\u0142ego mog\u0105 wybra\u0107 inny ko\u015bci\u00f3\u0142 na nabo\u017ce\u0144stwo pogrzebowe za zgod\u0105 zarz\u0105dcy tego ko\u015bcio\u0142a, i po zawiadomieniu w\u0142asnego proboszcza (kan. 1177 \u00a7 2).<\/li>\n<li>Przy zg\u0142aszaniu pogrzebu nale\u017cy w kancelarii parafialnej przed\u0142o\u017cy\u0107 \u201eSkr\u00f3cony akt zgonu\u201d z USC oraz za\u015bwiadczenie ks. kapelana o przyj\u0119ciu przed \u015bmierci\u0105 sakramentu chorych (dotyczy to zw\u0142aszcza zmar\u0142ych w szpitalu).<\/li>\n<li>Po zg\u0142oszeniu pogrzebu w parafii informujemy i uzgadniamy z zak\u0142adem pogrzebowym.<\/li>\n<li>W Mszy pogrzebowej rodzina zmar\u0142ego i uczestnicz\u0105cy w niej, je\u015bli nie maj\u0105 przeszk\u00f3d kanonicznych, bior\u0105 pe\u0142ny udzia\u0142 czyli przyjmuj\u0105 komuni\u0119 \u015bw. w intencji zmar\u0142ej osoby Uczestnicy pogrzebu winni zachowa\u0107 modlitewne skupienie, stara\u0107 si\u0119 na pogrzebie (lub Mszy \u015bw. pogrzebowej) przyst\u0105pi\u0107 do Komunii \u015awi\u0119tej. O przyst\u0105pienie do spowiedzi zatroszczmy si\u0119 wcze\u015bniej (poprzedniego dnia wieczorem lub rano przed pogrzebem).<\/li>\n<\/ol>\n<p>Z uwagi na powag\u0119 pogrzebowej liturgii w ko\u015bciele i na cmentarzu wymagane jest w\u0142a\u015bciwe zachowanie si\u0119 obecnych podczas obrz\u0119d\u00f3w pogrzebowych.<\/p>\n","protected":false},"excerpt":{"rendered":"<p>Co zrobi\u0107 w wypadku \u015bmierci kogo\u015b bliskiego: Je\u015bli bliska osoba umiera&nbsp;w domu&nbsp;w pierwszej kolejno\u015bci nale\u017cy&nbsp;wezwa\u0107 lekarza&nbsp;dzwoni\u0105c pod nr 999 lub&nbsp;[&hellip;]<\/p>\n","protected":false},"author":3,"featured_media":0,"parent":0,"menu_order":0,"comment_status":"closed","ping_status":"closed","template":"","meta":{"ngg_post_thumbnail":0},"_links":{"self":[{"href":"https:\/\/parafiakrynice.pl\/index.php?rest_route=\/wp\/v2\/pages\/1219"}],"collection":[{"href":"https:\/\/parafiakrynice.pl\/index.php?rest_route=\/wp\/v2\/pages"}],"about":[{"href":"https:\/\/parafiakrynice.pl\/index.php?rest_route=\/wp\/v2\/types\/page"}],"author":[{"embeddable":true,"href":"https:\/\/parafiakrynice.pl\/index.php?rest_route=\/wp\/v2\/users\/3"}],"replies":[{"embeddable":true,"href":"https:\/\/parafiakrynice.pl\/index.php?rest_route=%2Fwp%2Fv2%2Fcomments&post=1219"}],"version-history":[{"count":2,"href":"https:\/\/parafiakrynice.pl\/index.php?rest_route=\/wp\/v2\/pages\/1219\/revisions"}],"predecessor-version":[{"id":1223,"href":"https:\/\/parafiakrynice.pl\/index.php?rest_route=\/wp\/v2\/pages\/1219\/revisions\/1223"}],"wp:attachment":[{"href":"https:\/\/parafiakrynice.pl\/index.php?rest_route=%2Fwp%2Fv2%2Fmedia&parent=1219"}],"curies":[{"name":"wp","href":"https:\/\/api.w.org\/{rel}","templated":true}]}}