{"id":1216,"date":"2022-03-20T19:31:46","date_gmt":"2022-03-20T18:31:46","guid":{"rendered":"http:\/\/parafiakrynice.pl\/?page_id=1216"},"modified":"2022-03-20T20:41:27","modified_gmt":"2022-03-20T19:41:27","slug":"sakramenty-i-sakramentalia","status":"publish","type":"page","link":"https:\/\/parafiakrynice.pl\/?page_id=1216","title":{"rendered":"Sakramenty i sakramentalia"},"content":{"rendered":"<p><strong>SAKRAMENT \u2013<\/strong>&nbsp;jest znakiem widzialnym ustanowionym przez Chrystusa, kt\u00f3ry sprawuj\u0105c go poprzez pos\u0142ug\u0119 Ko\u015bcio\u0142a, udziela skutecznie oznaczonej \u0142aski. Cz\u0142owiek za\u015b, przyjmuj\u0105c ten dar we wsp\u00f3lnocie Ko\u015bcio\u0142a, w najlepszy spos\u00f3b wielbi Boga.<\/p>\n<p>PODZIA\u0141 SAKRAMENT\u00d3W:<\/p>\n<p>1. Sakramenty wtajemniczenia chrze\u015bcija\u0144skiego:<\/p>\n<ul>\n<li><a href=\"http:\/\/parafiakrynice.pl\/?page_id=1230\">Chrzest<\/a><\/li>\n<li>Bierzmowanie<\/li>\n<li>Eucharystia<\/li>\n<\/ul>\n<p>&nbsp;2. Sakramenty uzdrowienia<\/p>\n<ul>\n<li>Sakrament pokuty i pojednania<\/li>\n<li>Namaszczenie chorych<\/li>\n<\/ul>\n<p>&nbsp;3. Sakramenty w s\u0142u\u017cbie wsp\u00f3lnoty<\/p>\n<ul>\n<li>Sakrament \u015bwi\u0119ce\u0144<\/li>\n<li>Sakrament ma\u0142\u017ce\u0144stwa<\/li>\n<\/ul>\n<p><strong>SAKRAMENTALIA \u2013<\/strong>&nbsp;s\u0105 to \u015bwi\u0119te znaki, kt\u00f3re na podobie\u0144stwo sakrament\u00f3w wskazuj\u0105 przede wszystkim na duchowe dobra osi\u0105gane dzi\u0119ki wstawiennictwu Ko\u015bcio\u0142a. Przygotowuj\u0105 one ludzi do przyj\u0119cia w\u0142a\u015bciwego skutku sakrament\u00f3w i u\u015bwi\u0119caj\u0105 r\u00f3\u017cne okoliczno\u015bci \u017cycia.<\/p>\n<p>\u2013 udzielanie b\u0142ogos\u0142awie\u0144stwa (os\u00f3b, przedmiot\u00f3w, miejsc, posi\u0142k\u00f3w),<br \/>\n\u2013 po\u015bwi\u0119cenia (np. \u015bwi\u0105tyni),<br \/>\n\u2013 posypywanie g\u0142owy popio\u0142em,<br \/>\n\u2013 sprawowanie egzorcyzm\u00f3w,<br \/>\n<a href=\"http:\/\/parafiakrynice.pl\/?page_id=1219\">\u2013 odprawianie pogrzebu katolickiego.<\/a><\/p>\n","protected":false},"excerpt":{"rendered":"<p>SAKRAMENT \u2013&nbsp;jest znakiem widzialnym ustanowionym przez Chrystusa, kt\u00f3ry sprawuj\u0105c go poprzez pos\u0142ug\u0119 Ko\u015bcio\u0142a, udziela skutecznie oznaczonej \u0142aski. Cz\u0142owiek za\u015b, przyjmuj\u0105c&nbsp;[&hellip;]<\/p>\n","protected":false},"author":3,"featured_media":0,"parent":0,"menu_order":0,"comment_status":"closed","ping_status":"closed","template":"","meta":{"ngg_post_thumbnail":0},"_links":{"self":[{"href":"https:\/\/parafiakrynice.pl\/index.php?rest_route=\/wp\/v2\/pages\/1216"}],"collection":[{"href":"https:\/\/parafiakrynice.pl\/index.php?rest_route=\/wp\/v2\/pages"}],"about":[{"href":"https:\/\/parafiakrynice.pl\/index.php?rest_route=\/wp\/v2\/types\/page"}],"author":[{"embeddable":true,"href":"https:\/\/parafiakrynice.pl\/index.php?rest_route=\/wp\/v2\/users\/3"}],"replies":[{"embeddable":true,"href":"https:\/\/parafiakrynice.pl\/index.php?rest_route=%2Fwp%2Fv2%2Fcomments&post=1216"}],"version-history":[{"count":4,"href":"https:\/\/parafiakrynice.pl\/index.php?rest_route=\/wp\/v2\/pages\/1216\/revisions"}],"predecessor-version":[{"id":1236,"href":"https:\/\/parafiakrynice.pl\/index.php?rest_route=\/wp\/v2\/pages\/1216\/revisions\/1236"}],"wp:attachment":[{"href":"https:\/\/parafiakrynice.pl\/index.php?rest_route=%2Fwp%2Fv2%2Fmedia&parent=1216"}],"curies":[{"name":"wp","href":"https:\/\/api.w.org\/{rel}","templated":true}]}}