{"id":1172,"date":"2022-02-21T07:35:18","date_gmt":"2022-02-21T06:35:18","guid":{"rendered":"http:\/\/parafiakrynice.pl\/?page_id=1172"},"modified":"2022-07-31T16:14:15","modified_gmt":"2022-07-31T14:14:15","slug":"wydarzenia","status":"publish","type":"page","link":"https:\/\/parafiakrynice.pl\/?page_id=1172","title":{"rendered":"Wydarzenia"},"content":{"rendered":"\n<p><\/p>\n\n\n<ul class=\"wp-block-latest-posts__list has-dates li{padding-top:10px}; wp-block-latest-posts\"><li><div class=\"wp-block-latest-posts__featured-image alignleft\"><a href=\"https:\/\/parafiakrynice.pl\/?p=1839\"><img width=\"300\" height=\"169\" src=\"https:\/\/parafiakrynice.pl\/wp-content\/uploads\/2023\/04\/00a-300x169.jpg\" class=\"attachment-medium size-medium wp-post-image\" alt=\"\" loading=\"lazy\" style=\"\" srcset=\"https:\/\/parafiakrynice.pl\/wp-content\/uploads\/2023\/04\/00a-300x169.jpg 300w, https:\/\/parafiakrynice.pl\/wp-content\/uploads\/2023\/04\/00a-1024x576.jpg 1024w, https:\/\/parafiakrynice.pl\/wp-content\/uploads\/2023\/04\/00a-768x432.jpg 768w, https:\/\/parafiakrynice.pl\/wp-content\/uploads\/2023\/04\/00a-200x113.jpg 200w, https:\/\/parafiakrynice.pl\/wp-content\/uploads\/2023\/04\/00a-690x388.jpg 690w, https:\/\/parafiakrynice.pl\/wp-content\/uploads\/2023\/04\/00a.jpg 1080w\" sizes=\"(max-width: 300px) 100vw, 300px\" \/><\/a><\/div><a href=\"https:\/\/parafiakrynice.pl\/?p=1839\">Triduum Paschalne<\/a><time datetime=\"2023-04-02T21:18:45+02:00\" class=\"wp-block-latest-posts__post-date\">2 kwietnia 2023<\/time><div class=\"wp-block-latest-posts__post-excerpt\">Wielki Czwartek : O godz. 18.00 \u2013 Msza \u015bwi\u0119ta Wieczerzy Pa\u0144skiej i przeniesienie Pana Jezusa do Ciemnicy Adoracja Pana Jezusa&nbsp;[&hellip;]<\/div><\/li>\n<li><div class=\"wp-block-latest-posts__featured-image alignleft\"><a href=\"https:\/\/parafiakrynice.pl\/?p=1844\"><img width=\"300\" height=\"169\" src=\"https:\/\/parafiakrynice.pl\/wp-content\/uploads\/2023\/04\/papiez-rocznica-sm-300x169.jpg\" class=\"attachment-medium size-medium wp-post-image\" alt=\"\" loading=\"lazy\" style=\"\" srcset=\"https:\/\/parafiakrynice.pl\/wp-content\/uploads\/2023\/04\/papiez-rocznica-sm-300x169.jpg 300w, https:\/\/parafiakrynice.pl\/wp-content\/uploads\/2023\/04\/papiez-rocznica-sm-768x432.jpg 768w, https:\/\/parafiakrynice.pl\/wp-content\/uploads\/2023\/04\/papiez-rocznica-sm-200x113.jpg 200w, https:\/\/parafiakrynice.pl\/wp-content\/uploads\/2023\/04\/papiez-rocznica-sm-690x388.jpg 690w, https:\/\/parafiakrynice.pl\/wp-content\/uploads\/2023\/04\/papiez-rocznica-sm.jpg 800w\" sizes=\"(max-width: 300px) 100vw, 300px\" \/><\/a><\/div><a href=\"https:\/\/parafiakrynice.pl\/?p=1844\">18 rocznica \u015bmierci \u015awi\u0119tego Papie\u017ca Jana Paw\u0142a II<\/a><time datetime=\"2023-04-02T10:45:00+02:00\" class=\"wp-block-latest-posts__post-date\">2 kwietnia 2023<\/time><div class=\"wp-block-latest-posts__post-excerpt\">Dzisiaj przypada 18 rocznica \u015bmierci \u015bwi\u0119tego Papie\u017ca Jana Paw\u0142a II.By\u0142 dla nas szczeg\u00f3lnym znakiem opatrzno\u015bci Bo\u017cej, danym dla \u015bwiata na&nbsp;[&hellip;]<\/div><\/li>\n<li><div class=\"wp-block-latest-posts__featured-image alignleft\"><a href=\"https:\/\/parafiakrynice.pl\/?p=1752\"><img width=\"199\" height=\"253\" src=\"https:\/\/parafiakrynice.pl\/wp-content\/uploads\/2022\/07\/pobrane-3.jpg\" class=\"attachment-medium size-medium wp-post-image\" alt=\"\" loading=\"lazy\" style=\"\" \/><\/a><\/div><a href=\"https:\/\/parafiakrynice.pl\/?p=1752\">Pielgrzymka do Krakowa i Cz\u0119stochowy &#8211; 18 lipca 2022<\/a><time datetime=\"2022-07-04T12:22:00+02:00\" class=\"wp-block-latest-posts__post-date\">4 lipca 2022<\/time><div class=\"wp-block-latest-posts__post-excerpt\">Program pielgrzymki 18 lipca 2022 (poniedzia\u0142ek) 300 \u2013 Wyjazd z parkingu przy ko\u015bciele w Krynicach 715 \u2013 Przyjazd do Krakowa&nbsp;[&hellip;]<\/div><\/li>\n<li><div class=\"wp-block-latest-posts__featured-image alignleft\"><a href=\"https:\/\/parafiakrynice.pl\/?p=1734\"><img width=\"211\" height=\"300\" src=\"https:\/\/parafiakrynice.pl\/wp-content\/uploads\/2022\/06\/jan-pawel-211x300.jpg\" class=\"attachment-medium size-medium wp-post-image\" alt=\"\" loading=\"lazy\" style=\"\" srcset=\"https:\/\/parafiakrynice.pl\/wp-content\/uploads\/2022\/06\/jan-pawel-211x300.jpg 211w, https:\/\/parafiakrynice.pl\/wp-content\/uploads\/2022\/06\/jan-pawel-721x1024.jpg 721w, https:\/\/parafiakrynice.pl\/wp-content\/uploads\/2022\/06\/jan-pawel-768x1091.jpg 768w, https:\/\/parafiakrynice.pl\/wp-content\/uploads\/2022\/06\/jan-pawel-200x284.jpg 200w, https:\/\/parafiakrynice.pl\/wp-content\/uploads\/2022\/06\/jan-pawel-690x980.jpg 690w, https:\/\/parafiakrynice.pl\/wp-content\/uploads\/2022\/06\/jan-pawel.jpg 1025w\" sizes=\"(max-width: 211px) 100vw, 211px\" \/><\/a><\/div><a href=\"https:\/\/parafiakrynice.pl\/?p=1734\">Pielgrzymka: Krak\u00f3w, Wadowice, Zakopane<\/a><time datetime=\"2022-06-03T09:43:20+02:00\" class=\"wp-block-latest-posts__post-date\">3 czerwca 2022<\/time><div class=\"wp-block-latest-posts__post-excerpt\">Serdecznie zapraszam do wzi\u0119cia udzia\u0142u w pielgrzymce do Krakowa na \u0141agiewniki, Wadowice i Zakopane, zaplanowanej na dzie\u0144 17 i 18&nbsp;[&hellip;]<\/div><\/li>\n<li><div class=\"wp-block-latest-posts__featured-image alignleft\"><a href=\"https:\/\/parafiakrynice.pl\/?p=1648\"><img width=\"300\" height=\"169\" src=\"https:\/\/parafiakrynice.pl\/wp-content\/uploads\/2022\/04\/20220326_102337-1-300x169.jpg\" class=\"attachment-medium size-medium wp-post-image\" alt=\"\" loading=\"lazy\" style=\"\" srcset=\"https:\/\/parafiakrynice.pl\/wp-content\/uploads\/2022\/04\/20220326_102337-1-300x169.jpg 300w, https:\/\/parafiakrynice.pl\/wp-content\/uploads\/2022\/04\/20220326_102337-1-200x113.jpg 200w, https:\/\/parafiakrynice.pl\/wp-content\/uploads\/2022\/04\/20220326_102337-1.jpg 640w\" sizes=\"(max-width: 300px) 100vw, 300px\" \/><\/a><\/div><a href=\"https:\/\/parafiakrynice.pl\/?p=1648\">Walka z drzewem<\/a><time datetime=\"2022-03-26T11:14:00+01:00\" class=\"wp-block-latest-posts__post-date\">26 marca 2022<\/time><div class=\"wp-block-latest-posts__post-excerpt\">Walka z drzewem Dzisiaj na cmentarzu nasi m\u0119\u017cczy\u017ani dzielnie walczyli na cmentarzu z drzewem. Wykonali bardzo ci\u0119\u017ck\u0105 prac\u0119. Wielkie podzi\u0119kowania&nbsp;[&hellip;]<\/div><\/li>\n<li><div class=\"wp-block-latest-posts__featured-image alignleft\"><a href=\"https:\/\/parafiakrynice.pl\/?p=1588\"><img width=\"300\" height=\"169\" src=\"https:\/\/parafiakrynice.pl\/wp-content\/uploads\/2022\/04\/20220316_144408-300x169.jpg\" class=\"attachment-medium size-medium wp-post-image\" alt=\"\" loading=\"lazy\" style=\"\" srcset=\"https:\/\/parafiakrynice.pl\/wp-content\/uploads\/2022\/04\/20220316_144408-300x169.jpg 300w, https:\/\/parafiakrynice.pl\/wp-content\/uploads\/2022\/04\/20220316_144408-200x113.jpg 200w, https:\/\/parafiakrynice.pl\/wp-content\/uploads\/2022\/04\/20220316_144408.jpg 640w\" sizes=\"(max-width: 300px) 100vw, 300px\" \/><\/a><\/div><a href=\"https:\/\/parafiakrynice.pl\/?p=1588\">Wycinka drzew na cmentarzu<\/a><time datetime=\"2022-03-20T10:29:00+01:00\" class=\"wp-block-latest-posts__post-date\">20 marca 2022<\/time><div class=\"wp-block-latest-posts__post-excerpt\">Zako\u0144czy\u0142a si\u0119 ju\u017c wycinka drzew na cmentarzu. Nie by\u0142o \u0142atwo ale pokonali\u015bmy pierwszy etap porz\u0105dkowania cmentarza. Zdj\u0119cia<\/div><\/li>\n<li><div class=\"wp-block-latest-posts__featured-image alignleft\"><a href=\"https:\/\/parafiakrynice.pl\/?p=1578\"><img width=\"300\" height=\"200\" src=\"https:\/\/parafiakrynice.pl\/wp-content\/uploads\/2022\/04\/s4_3ffc84f2d92d911ad788d7fd61f0b345-2-300x200.jpg\" class=\"attachment-medium size-medium wp-post-image\" alt=\"\" loading=\"lazy\" style=\"\" srcset=\"https:\/\/parafiakrynice.pl\/wp-content\/uploads\/2022\/04\/s4_3ffc84f2d92d911ad788d7fd61f0b345-2-300x200.jpg 300w, https:\/\/parafiakrynice.pl\/wp-content\/uploads\/2022\/04\/s4_3ffc84f2d92d911ad788d7fd61f0b345-2-200x133.jpg 200w, https:\/\/parafiakrynice.pl\/wp-content\/uploads\/2022\/04\/s4_3ffc84f2d92d911ad788d7fd61f0b345-2.jpg 640w\" sizes=\"(max-width: 300px) 100vw, 300px\" \/><\/a><\/div><a href=\"https:\/\/parafiakrynice.pl\/?p=1578\">Rekolekcje wielkopostne<\/a><time datetime=\"2022-03-13T10:15:00+01:00\" class=\"wp-block-latest-posts__post-date\">13 marca 2022<\/time><div class=\"wp-block-latest-posts__post-excerpt\">W niedziel\u0119 13 marca w naszej parafii odby\u0142y si\u0119 rekolekcje wielkopostne. Nauki g\u0142osi\u0142 Ks. Dariusz Babiak. W dniu rozpocz\u0119cia rekolekcji&nbsp;[&hellip;]<\/div><\/li>\n<li><div class=\"wp-block-latest-posts__featured-image alignleft\"><a href=\"https:\/\/parafiakrynice.pl\/?p=1591\"><img width=\"300\" height=\"200\" src=\"https:\/\/parafiakrynice.pl\/wp-content\/uploads\/2022\/04\/8-1-300x200.jpg\" class=\"attachment-medium size-medium wp-post-image\" alt=\"\" loading=\"lazy\" style=\"\" srcset=\"https:\/\/parafiakrynice.pl\/wp-content\/uploads\/2022\/04\/8-1-300x200.jpg 300w, https:\/\/parafiakrynice.pl\/wp-content\/uploads\/2022\/04\/8-1-1024x683.jpg 1024w, https:\/\/parafiakrynice.pl\/wp-content\/uploads\/2022\/04\/8-1-768x512.jpg 768w, https:\/\/parafiakrynice.pl\/wp-content\/uploads\/2022\/04\/8-1-1536x1024.jpg 1536w, https:\/\/parafiakrynice.pl\/wp-content\/uploads\/2022\/04\/8-1-200x133.jpg 200w, https:\/\/parafiakrynice.pl\/wp-content\/uploads\/2022\/04\/8-1-690x460.jpg 690w, https:\/\/parafiakrynice.pl\/wp-content\/uploads\/2022\/04\/8-1.jpg 2048w\" sizes=\"(max-width: 300px) 100vw, 300px\" \/><\/a><\/div><a href=\"https:\/\/parafiakrynice.pl\/?p=1591\">Bitwa pod Zaborecznem i R\u00f3\u017c\u0105<\/a><time datetime=\"2022-02-02T10:38:00+01:00\" class=\"wp-block-latest-posts__post-date\">2 lutego 2022<\/time><div class=\"wp-block-latest-posts__post-excerpt\">Tradycyjnie, w dniu 2 lutego odby\u0142y si\u0119 w Krynicach uroczysto\u015bci rocznicowe upami\u0119tniaj\u0105ce Bitw\u0119 pod Zaborecznem. Galeria zdj\u0119\u0107<\/div><\/li>\n<\/ul>\n\n\n<p><\/p>\n","protected":false},"excerpt":{"rendered":"","protected":false},"author":3,"featured_media":1093,"parent":0,"menu_order":0,"comment_status":"closed","ping_status":"closed","template":"page-templates\/template_fullwidth.php","meta":{"ngg_post_thumbnail":0},"_links":{"self":[{"href":"https:\/\/parafiakrynice.pl\/index.php?rest_route=\/wp\/v2\/pages\/1172"}],"collection":[{"href":"https:\/\/parafiakrynice.pl\/index.php?rest_route=\/wp\/v2\/pages"}],"about":[{"href":"https:\/\/parafiakrynice.pl\/index.php?rest_route=\/wp\/v2\/types\/page"}],"author":[{"embeddable":true,"href":"https:\/\/parafiakrynice.pl\/index.php?rest_route=\/wp\/v2\/users\/3"}],"replies":[{"embeddable":true,"href":"https:\/\/parafiakrynice.pl\/index.php?rest_route=%2Fwp%2Fv2%2Fcomments&post=1172"}],"version-history":[{"count":13,"href":"https:\/\/parafiakrynice.pl\/index.php?rest_route=\/wp\/v2\/pages\/1172\/revisions"}],"predecessor-version":[{"id":1791,"href":"https:\/\/parafiakrynice.pl\/index.php?rest_route=\/wp\/v2\/pages\/1172\/revisions\/1791"}],"wp:featuredmedia":[{"embeddable":true,"href":"https:\/\/parafiakrynice.pl\/index.php?rest_route=\/wp\/v2\/media\/1093"}],"wp:attachment":[{"href":"https:\/\/parafiakrynice.pl\/index.php?rest_route=%2Fwp%2Fv2%2Fmedia&parent=1172"}],"curies":[{"name":"wp","href":"https:\/\/api.w.org\/{rel}","templated":true}]}}