{"id":1699,"date":"2022-04-13T11:11:24","date_gmt":"2022-04-13T09:11:24","guid":{"rendered":"http:\/\/parafiakrynice.pl\/?page_id=1699"},"modified":"2022-04-13T11:17:53","modified_gmt":"2022-04-13T09:17:53","slug":"instrukcja-obslugi-intencjonetu","status":"publish","type":"page","link":"http:\/\/parafiakrynice.pl\/?page_id=1699","title":{"rendered":"Instrukcja obs\u0142ugi INTENCJONETU"},"content":{"rendered":"\n<p><strong>Instrukcja obs\u0142ugi INTENCJONETU \u2013 prosz\u0119 przeczyta\u0107 uwa\u017cnie!!!<\/strong><\/p>\n\n\n\n<ol type=\"1\"><li>Po otwarciu INTENCJONETU klikamy u g\u00f3ry w\u00a0<strong>Zam\u00f3w intencj\u0119 mszy.<\/strong><ol><li>Szukamy interesuj\u0105cy nas miesi\u0105c i dzie\u0144. Pusty kwadrat w planowanym przez nas dniu oznacza, \u017ce termin jest ju\u017c zaj\u0119ty.<\/li><\/ol><ol><li>Szukamy w pobli\u017cu innego dnia, gdzie widoczny jest przycisk koloru zielonego, co oznacza, \u017ce mo\u017cemy sobie zam\u00f3wi\u0107\/zapisa\u0107 intencj\u0119 mszaln\u0105 wed\u0142ug wskazanej godziny i ko\u015bcio\u0142a.<\/li><\/ol><ol><li>Po klikni\u0119ciu nale\u017cy dokona\u0107 krok po kroku tej formalno\u015bci do samego ko\u0144ca \u2013 \u0142\u0105cznie z przelewem (wybieramy sugerowan\u0105 kwot\u0119 lub pod sugesti\u0105 dowolnej w poni\u017cszym okienku wpisujemy swoj\u0105 kwot\u0119).<\/li><\/ol><ol><li>Na podany przez osob\u0119 zamawiaj\u0105c\u0105 intencj\u0119 adres e-mail powinna nadej\u015b\u0107 informacja zwrotna potwierdzaj\u0105ca o<strong>\u00a0dokonanej transakcji<\/strong>. Je\u015bli nie ma takiej informacji zwrotnej lub nie mamy pewno\u015bci, czy wszystko prawid\u0142owo wykonali\u015bmy, nale\u017cy ponownie wej\u015b\u0107 na wybrany przez siebie wcze\u015bniej termin (miesi\u0105c\/dzie\u0144\/miejsce\/godzina) i sprawdzi\u0107. Je\u015bli nadal jest widoczny kolor zielony, to znaczy, \u017ce czego\u015b nie wykonali\u015bmy prawid\u0142owo i w\u00f3wczas ten termin nadal pozostaje wolny, a tym samym kto\u015b inny mo\u017ce nam go zaj\u0105\u0107.<\/li><\/ol><ol><li>Je\u015bli wszystko zosta\u0142o wykonane prawid\u0142owo \u2013 w\u00f3wczas przy dacie wybranego wcze\u015bniej dnia b\u0119dzie ju\u017c pusty kwadrat bez mo\u017cliwo\u015bci wpisywania czegokolwiek.<\/li><\/ol><ol><li>Ponadto po wej\u015bciu w INTENCJONET i klikni\u0119ciu u g\u00f3ry w\u00a0<strong>Zam\u00f3wione intencje\u00a0<\/strong>mo\u017cna sobie sprawdzi\u0107 zam\u00f3wione i zapisane ju\u017c intencje na dany dzie\u0144\/miesi\u0105c\/rok. Pod\u015bwietlone w kolorze\u00a0fioletowym\u00a0\u2013 ju\u017c odprawione; w kolorze\u00a0niebieskim\u00a0\u2013 zapisane; kolor\u00a0zielony\u00a0\u2013 jeszcze wolne do zam\u00f3wienia intencji.<br><br><\/li><\/ol><\/li><\/ol>\n\n\n\n<p><strong>Pro\u015bba, by wszystko po kolei wykona\u0107 prawid\u0142owo.<\/strong><\/p>\n\n\n\n<p><strong><em>Niezale\u017cnie od tej nowej formy zamawiania intencji mszalnych przez INTENCJONET, nadal istnieje mo\u017cliwo\u015b\u0107 w dotychczasowej, tradycyjnej formie bezpo\u015brednio u duszpasterza lub telefonicznie.<\/em><\/strong><\/p>\n","protected":false},"excerpt":{"rendered":"<p>Instrukcja obs\u0142ugi INTENCJONETU \u2013 prosz\u0119 przeczyta\u0107 uwa\u017cnie!!! Po otwarciu INTENCJONETU klikamy u g\u00f3ry w\u00a0Zam\u00f3w intencj\u0119 mszy. Szukamy interesuj\u0105cy nas miesi\u0105c&nbsp;[&hellip;]<\/p>\n","protected":false},"author":3,"featured_media":0,"parent":0,"menu_order":0,"comment_status":"closed","ping_status":"closed","template":"","meta":{"ngg_post_thumbnail":0},"_links":{"self":[{"href":"http:\/\/parafiakrynice.pl\/index.php?rest_route=\/wp\/v2\/pages\/1699"}],"collection":[{"href":"http:\/\/parafiakrynice.pl\/index.php?rest_route=\/wp\/v2\/pages"}],"about":[{"href":"http:\/\/parafiakrynice.pl\/index.php?rest_route=\/wp\/v2\/types\/page"}],"author":[{"embeddable":true,"href":"http:\/\/parafiakrynice.pl\/index.php?rest_route=\/wp\/v2\/users\/3"}],"replies":[{"embeddable":true,"href":"http:\/\/parafiakrynice.pl\/index.php?rest_route=%2Fwp%2Fv2%2Fcomments&post=1699"}],"version-history":[{"count":2,"href":"http:\/\/parafiakrynice.pl\/index.php?rest_route=\/wp\/v2\/pages\/1699\/revisions"}],"predecessor-version":[{"id":1702,"href":"http:\/\/parafiakrynice.pl\/index.php?rest_route=\/wp\/v2\/pages\/1699\/revisions\/1702"}],"wp:attachment":[{"href":"http:\/\/parafiakrynice.pl\/index.php?rest_route=%2Fwp%2Fv2%2Fmedia&parent=1699"}],"curies":[{"name":"wp","href":"https:\/\/api.w.org\/{rel}","templated":true}]}}