{"id":1445,"date":"2022-04-01T08:09:22","date_gmt":"2022-04-01T06:09:22","guid":{"rendered":"http:\/\/parafiakrynice.pl\/?page_id=1445"},"modified":"2022-04-01T08:20:30","modified_gmt":"2022-04-01T06:20:30","slug":"rocznica-bitwy-pod-zaborecznem","status":"publish","type":"page","link":"http:\/\/parafiakrynice.pl\/?page_id=1445","title":{"rendered":"Rocznica bitwy pod Zaborecznem"},"content":{"rendered":"\n<h2>Tradycyjnie, w dniu 2 lutego odby\u0142y si\u0119 w Krynicach uroczysto\u015bci rocznicowe upami\u0119tniaj\u0105ce Bitw\u0119 pod Zaborecznem.<\/h2>\n\n\n\n<div class=\"wp-block-columns\">\n<div class=\"wp-block-column\">\n<p>W intencji poleg\u0142ych \u017bo\u0142nierzy Batalion\u00f3w Ch\u0142opskich odprawiona zosta\u0142a w ko\u015bciele pw. \u015aw. Stanis\u0142awa Biskupa msza \u015bwi\u0119ta,. Uroczysto\u015b\u0107 u\u015bwietni\u0142y poczty sztandarowe reprezentowane przez Ko\u0142o Gminne OZ\u017bBCH w Krynicach, Szko\u0142\u0119 Podstawow\u0105 im. Batalion\u00f3w Ch\u0142opskich w Krynicach oraz Tomaszowski Szwadron im. Korpusu Ochrony Pogranicza. M\u0142odzie\u017c szkolna za\u015b przygotowa\u0142a kr\u00f3tk\u0105 cz\u0119\u015b\u0107 artystyczn\u0105. <\/p>\n<\/div>\n\n\n\n<div class=\"wp-block-column\">\n<p> Nast\u0119pnie zgromadzeni mieszka\u0144cy i przybyli go\u015bcie udali si\u0119 pod mogi\u0142\u0119 i pomnik po\u015bwi\u0119cony \u017bo\u0142nierzom Batalion\u00f3w Ch\u0142opskich. Modlitw\u0105 za poleg\u0142ych i chwil\u0105 ciszy uczczono pami\u0119\u0107 bohater\u00f3w spod Zaborecznego i R\u00f3\u017cy. Od\u015bpiewany zosta\u0142 Hymn Polski i wyg\u0142oszone okoliczno\u015bciowe przem\u00f3wienia przez Starost\u0119 Tomaszowskiego &#8211; Henryka Karwana oraz W\u00f3jta Gminy Krynice &#8211; Jacka Wi\u015bniewskiego<\/p>\n<\/div>\n<\/div>\n\n\n\n<figure class=\"wp-block-gallery columns-5 is-cropped\"><ul class=\"blocks-gallery-grid\"><li class=\"blocks-gallery-item\"><figure><a href=\"http:\/\/parafiakrynice.pl\/wp-content\/uploads\/2022\/04\/1.jpg\"><img loading=\"lazy\" width=\"150\" height=\"150\" src=\"http:\/\/parafiakrynice.pl\/wp-content\/uploads\/2022\/04\/1-150x150.jpg\" alt=\"\" data-id=\"1450\" data-full-url=\"http:\/\/parafiakrynice.pl\/wp-content\/uploads\/2022\/04\/1.jpg\" data-link=\"http:\/\/parafiakrynice.pl\/?attachment_id=1450\" class=\"wp-image-1450\" srcset=\"http:\/\/parafiakrynice.pl\/wp-content\/uploads\/2022\/04\/1-150x150.jpg 150w, http:\/\/parafiakrynice.pl\/wp-content\/uploads\/2022\/04\/1-280x280.jpg 280w\" sizes=\"(max-width: 150px) 100vw, 150px\" \/><\/a><\/figure><\/li><li class=\"blocks-gallery-item\"><figure><a href=\"http:\/\/parafiakrynice.pl\/wp-content\/uploads\/2022\/04\/2.jpg\"><img loading=\"lazy\" width=\"150\" height=\"150\" src=\"http:\/\/parafiakrynice.pl\/wp-content\/uploads\/2022\/04\/2-150x150.jpg\" alt=\"\" data-id=\"1451\" data-full-url=\"http:\/\/parafiakrynice.pl\/wp-content\/uploads\/2022\/04\/2.jpg\" data-link=\"http:\/\/parafiakrynice.pl\/?attachment_id=1451\" class=\"wp-image-1451\" srcset=\"http:\/\/parafiakrynice.pl\/wp-content\/uploads\/2022\/04\/2-150x150.jpg 150w, http:\/\/parafiakrynice.pl\/wp-content\/uploads\/2022\/04\/2-280x280.jpg 280w\" sizes=\"(max-width: 150px) 100vw, 150px\" \/><\/a><\/figure><\/li><li class=\"blocks-gallery-item\"><figure><a href=\"http:\/\/parafiakrynice.pl\/wp-content\/uploads\/2022\/04\/3.jpg\"><img loading=\"lazy\" width=\"150\" height=\"150\" src=\"http:\/\/parafiakrynice.pl\/wp-content\/uploads\/2022\/04\/3-150x150.jpg\" alt=\"\" data-id=\"1452\" data-full-url=\"http:\/\/parafiakrynice.pl\/wp-content\/uploads\/2022\/04\/3.jpg\" data-link=\"http:\/\/parafiakrynice.pl\/?attachment_id=1452\" class=\"wp-image-1452\" srcset=\"http:\/\/parafiakrynice.pl\/wp-content\/uploads\/2022\/04\/3-150x150.jpg 150w, http:\/\/parafiakrynice.pl\/wp-content\/uploads\/2022\/04\/3-280x280.jpg 280w\" sizes=\"(max-width: 150px) 100vw, 150px\" \/><\/a><\/figure><\/li><li class=\"blocks-gallery-item\"><figure><a href=\"http:\/\/parafiakrynice.pl\/wp-content\/uploads\/2022\/04\/4.jpg\"><img loading=\"lazy\" width=\"150\" height=\"150\" src=\"http:\/\/parafiakrynice.pl\/wp-content\/uploads\/2022\/04\/4-150x150.jpg\" alt=\"\" data-id=\"1453\" data-full-url=\"http:\/\/parafiakrynice.pl\/wp-content\/uploads\/2022\/04\/4.jpg\" data-link=\"http:\/\/parafiakrynice.pl\/?attachment_id=1453\" class=\"wp-image-1453\" srcset=\"http:\/\/parafiakrynice.pl\/wp-content\/uploads\/2022\/04\/4-150x150.jpg 150w, http:\/\/parafiakrynice.pl\/wp-content\/uploads\/2022\/04\/4-280x280.jpg 280w\" sizes=\"(max-width: 150px) 100vw, 150px\" \/><\/a><\/figure><\/li><li class=\"blocks-gallery-item\"><figure><a href=\"http:\/\/parafiakrynice.pl\/wp-content\/uploads\/2022\/04\/5.jpg\"><img loading=\"lazy\" width=\"150\" height=\"150\" src=\"http:\/\/parafiakrynice.pl\/wp-content\/uploads\/2022\/04\/5-150x150.jpg\" alt=\"\" data-id=\"1454\" data-full-url=\"http:\/\/parafiakrynice.pl\/wp-content\/uploads\/2022\/04\/5.jpg\" data-link=\"http:\/\/parafiakrynice.pl\/?attachment_id=1454\" class=\"wp-image-1454\" srcset=\"http:\/\/parafiakrynice.pl\/wp-content\/uploads\/2022\/04\/5-150x150.jpg 150w, http:\/\/parafiakrynice.pl\/wp-content\/uploads\/2022\/04\/5-280x280.jpg 280w\" sizes=\"(max-width: 150px) 100vw, 150px\" \/><\/a><\/figure><\/li><li class=\"blocks-gallery-item\"><figure><a href=\"http:\/\/parafiakrynice.pl\/wp-content\/uploads\/2022\/04\/6.jpg\"><img loading=\"lazy\" width=\"150\" height=\"150\" src=\"http:\/\/parafiakrynice.pl\/wp-content\/uploads\/2022\/04\/6-150x150.jpg\" alt=\"\" data-id=\"1455\" data-full-url=\"http:\/\/parafiakrynice.pl\/wp-content\/uploads\/2022\/04\/6.jpg\" data-link=\"http:\/\/parafiakrynice.pl\/?attachment_id=1455\" class=\"wp-image-1455\" srcset=\"http:\/\/parafiakrynice.pl\/wp-content\/uploads\/2022\/04\/6-150x150.jpg 150w, http:\/\/parafiakrynice.pl\/wp-content\/uploads\/2022\/04\/6-280x280.jpg 280w\" sizes=\"(max-width: 150px) 100vw, 150px\" \/><\/a><\/figure><\/li><li class=\"blocks-gallery-item\"><figure><a href=\"http:\/\/parafiakrynice.pl\/wp-content\/uploads\/2022\/04\/7.jpg\"><img loading=\"lazy\" width=\"150\" height=\"150\" src=\"http:\/\/parafiakrynice.pl\/wp-content\/uploads\/2022\/04\/7-150x150.jpg\" alt=\"\" data-id=\"1456\" data-full-url=\"http:\/\/parafiakrynice.pl\/wp-content\/uploads\/2022\/04\/7.jpg\" data-link=\"http:\/\/parafiakrynice.pl\/?attachment_id=1456\" class=\"wp-image-1456\" srcset=\"http:\/\/parafiakrynice.pl\/wp-content\/uploads\/2022\/04\/7-150x150.jpg 150w, http:\/\/parafiakrynice.pl\/wp-content\/uploads\/2022\/04\/7-280x280.jpg 280w\" sizes=\"(max-width: 150px) 100vw, 150px\" \/><\/a><\/figure><\/li><li class=\"blocks-gallery-item\"><figure><a href=\"http:\/\/parafiakrynice.pl\/wp-content\/uploads\/2022\/04\/8.jpg\"><img loading=\"lazy\" width=\"150\" height=\"150\" src=\"http:\/\/parafiakrynice.pl\/wp-content\/uploads\/2022\/04\/8-150x150.jpg\" alt=\"\" data-id=\"1457\" data-full-url=\"http:\/\/parafiakrynice.pl\/wp-content\/uploads\/2022\/04\/8.jpg\" data-link=\"http:\/\/parafiakrynice.pl\/?attachment_id=1457\" class=\"wp-image-1457\" srcset=\"http:\/\/parafiakrynice.pl\/wp-content\/uploads\/2022\/04\/8-150x150.jpg 150w, http:\/\/parafiakrynice.pl\/wp-content\/uploads\/2022\/04\/8-280x280.jpg 280w\" sizes=\"(max-width: 150px) 100vw, 150px\" \/><\/a><\/figure><\/li><li class=\"blocks-gallery-item\"><figure><a href=\"http:\/\/parafiakrynice.pl\/wp-content\/uploads\/2022\/04\/9.jpg\"><img loading=\"lazy\" width=\"150\" height=\"150\" src=\"http:\/\/parafiakrynice.pl\/wp-content\/uploads\/2022\/04\/9-150x150.jpg\" alt=\"\" data-id=\"1458\" data-full-url=\"http:\/\/parafiakrynice.pl\/wp-content\/uploads\/2022\/04\/9.jpg\" data-link=\"http:\/\/parafiakrynice.pl\/?attachment_id=1458\" class=\"wp-image-1458\" srcset=\"http:\/\/parafiakrynice.pl\/wp-content\/uploads\/2022\/04\/9-150x150.jpg 150w, http:\/\/parafiakrynice.pl\/wp-content\/uploads\/2022\/04\/9-280x280.jpg 280w\" sizes=\"(max-width: 150px) 100vw, 150px\" \/><\/a><\/figure><\/li><li class=\"blocks-gallery-item\"><figure><a href=\"http:\/\/parafiakrynice.pl\/wp-content\/uploads\/2022\/04\/10.jpg\"><img loading=\"lazy\" width=\"150\" height=\"150\" src=\"http:\/\/parafiakrynice.pl\/wp-content\/uploads\/2022\/04\/10-150x150.jpg\" alt=\"\" data-id=\"1459\" data-full-url=\"http:\/\/parafiakrynice.pl\/wp-content\/uploads\/2022\/04\/10.jpg\" data-link=\"http:\/\/parafiakrynice.pl\/?attachment_id=1459\" class=\"wp-image-1459\" srcset=\"http:\/\/parafiakrynice.pl\/wp-content\/uploads\/2022\/04\/10-150x150.jpg 150w, http:\/\/parafiakrynice.pl\/wp-content\/uploads\/2022\/04\/10-280x280.jpg 280w\" sizes=\"(max-width: 150px) 100vw, 150px\" \/><\/a><\/figure><\/li><li class=\"blocks-gallery-item\"><figure><a href=\"http:\/\/parafiakrynice.pl\/wp-content\/uploads\/2022\/04\/11.jpg\"><img loading=\"lazy\" width=\"150\" height=\"150\" src=\"http:\/\/parafiakrynice.pl\/wp-content\/uploads\/2022\/04\/11-150x150.jpg\" alt=\"\" data-id=\"1460\" data-full-url=\"http:\/\/parafiakrynice.pl\/wp-content\/uploads\/2022\/04\/11.jpg\" data-link=\"http:\/\/parafiakrynice.pl\/?attachment_id=1460\" class=\"wp-image-1460\" srcset=\"http:\/\/parafiakrynice.pl\/wp-content\/uploads\/2022\/04\/11-150x150.jpg 150w, http:\/\/parafiakrynice.pl\/wp-content\/uploads\/2022\/04\/11-280x280.jpg 280w\" sizes=\"(max-width: 150px) 100vw, 150px\" \/><\/a><\/figure><\/li><li class=\"blocks-gallery-item\"><figure><a href=\"http:\/\/parafiakrynice.pl\/wp-content\/uploads\/2022\/04\/12.jpg\"><img loading=\"lazy\" width=\"1024\" height=\"683\" src=\"http:\/\/parafiakrynice.pl\/wp-content\/uploads\/2022\/04\/12-1024x683.jpg\" alt=\"\" data-id=\"1461\" data-full-url=\"http:\/\/parafiakrynice.pl\/wp-content\/uploads\/2022\/04\/12.jpg\" data-link=\"http:\/\/parafiakrynice.pl\/?attachment_id=1461\" class=\"wp-image-1461\" srcset=\"http:\/\/parafiakrynice.pl\/wp-content\/uploads\/2022\/04\/12-1024x683.jpg 1024w, http:\/\/parafiakrynice.pl\/wp-content\/uploads\/2022\/04\/12-300x200.jpg 300w, http:\/\/parafiakrynice.pl\/wp-content\/uploads\/2022\/04\/12-768x512.jpg 768w, http:\/\/parafiakrynice.pl\/wp-content\/uploads\/2022\/04\/12-1536x1024.jpg 1536w, http:\/\/parafiakrynice.pl\/wp-content\/uploads\/2022\/04\/12-200x133.jpg 200w, http:\/\/parafiakrynice.pl\/wp-content\/uploads\/2022\/04\/12-690x460.jpg 690w, http:\/\/parafiakrynice.pl\/wp-content\/uploads\/2022\/04\/12.jpg 2048w\" sizes=\"(max-width: 1024px) 100vw, 1024px\" \/><\/a><\/figure><\/li><\/ul><\/figure>\n","protected":false},"excerpt":{"rendered":"<p>Tradycyjnie, w dniu 2 lutego odby\u0142y si\u0119 w Krynicach uroczysto\u015bci rocznicowe upami\u0119tniaj\u0105ce Bitw\u0119 pod Zaborecznem. W intencji poleg\u0142ych \u017bo\u0142nierzy Batalion\u00f3w&nbsp;[&hellip;]<\/p>\n","protected":false},"author":3,"featured_media":0,"parent":1353,"menu_order":0,"comment_status":"closed","ping_status":"closed","template":"elementor_header_footer","meta":{"ngg_post_thumbnail":0},"_links":{"self":[{"href":"http:\/\/parafiakrynice.pl\/index.php?rest_route=\/wp\/v2\/pages\/1445"}],"collection":[{"href":"http:\/\/parafiakrynice.pl\/index.php?rest_route=\/wp\/v2\/pages"}],"about":[{"href":"http:\/\/parafiakrynice.pl\/index.php?rest_route=\/wp\/v2\/types\/page"}],"author":[{"embeddable":true,"href":"http:\/\/parafiakrynice.pl\/index.php?rest_route=\/wp\/v2\/users\/3"}],"replies":[{"embeddable":true,"href":"http:\/\/parafiakrynice.pl\/index.php?rest_route=%2Fwp%2Fv2%2Fcomments&post=1445"}],"version-history":[{"count":5,"href":"http:\/\/parafiakrynice.pl\/index.php?rest_route=\/wp\/v2\/pages\/1445\/revisions"}],"predecessor-version":[{"id":1464,"href":"http:\/\/parafiakrynice.pl\/index.php?rest_route=\/wp\/v2\/pages\/1445\/revisions\/1464"}],"up":[{"embeddable":true,"href":"http:\/\/parafiakrynice.pl\/index.php?rest_route=\/wp\/v2\/pages\/1353"}],"wp:attachment":[{"href":"http:\/\/parafiakrynice.pl\/index.php?rest_route=%2Fwp%2Fv2%2Fmedia&parent=1445"}],"curies":[{"name":"wp","href":"https:\/\/api.w.org\/{rel}","templated":true}]}}